{"id":366,"date":"2022-05-17T13:35:59","date_gmt":"2022-05-17T13:35:59","guid":{"rendered":"https:\/\/maisonchiropratique.com\/testimonials\/"},"modified":"2022-05-17T13:35:59","modified_gmt":"2022-05-17T13:35:59","slug":"testimonials","status":"publish","type":"page","link":"https:\/\/maisonchiropratique.com\/en\/testimonials\/","title":{"rendered":"Testimonials"},"content":{"rendered":"<p>[et_pb_section fb_built=&#8221;1&#8243; _builder_version=&#8221;4.17.3&#8243; _module_preset=&#8221;default&#8221; global_colors_info=&#8221;{}&#8221;][et_pb_row _builder_version=&#8221;4.17.3&#8243; _module_preset=&#8221;default&#8221; global_colors_info=&#8221;{}&#8221;][et_pb_column type=&#8221;4_4&#8243; _builder_version=&#8221;4.17.3&#8243; _module_preset=&#8221;default&#8221; global_colors_info=&#8221;{}&#8221;][et_pb_text _builder_version=&#8221;4.17.3&#8243; _module_preset=&#8221;default&#8221; text_orientation=&#8221;center&#8221; global_colors_info=&#8221;{}&#8221;]<\/p>\n<h1>What people have to say<\/h1>\n<p>[\/et_pb_text][\/et_pb_column][\/et_pb_row][et_pb_row _builder_version=&#8221;4.17.3&#8243; _module_preset=&#8221;default&#8221; hover_enabled=&#8221;0&#8243; global_colors_info=&#8221;{}&#8221; custom_padding=&#8221;80px||80px||true|false&#8221; sticky_enabled=&#8221;0&#8243;][et_pb_column type=&#8221;4_4&#8243; _builder_version=&#8221;4.17.3&#8243; _module_preset=&#8221;default&#8221; global_colors_info=&#8221;{}&#8221;][difl_advanced_blurb image=&#8221;https:\/\/maisonchiropratique.com\/wp-content\/uploads\/temoignages-Julie-e1652445395672.jpg&#8221; image_icon_container_position=&#8221;outside&#8221; image_placement=&#8221;flex_left&#8221; image_icon_alignment=&#8221;center&#8221; image_icon_item_align=&#8221;flex-start&#8221; image_container_width=&#8221;25%&#8221; content_width=&#8221;100%&#8221; blurb_img_margin=&#8221;|40px|||false|false&#8221; blurb_img_spacing=&#8221;||||false|false&#8221; _builder_version=&#8221;4.17.3&#8243; _module_preset=&#8221;default&#8221; content_body_font=&#8221;Roboto|300|||||||&#8221; content_body_font_size=&#8221;20px&#8221; content_body_line_height=&#8221;1.5em&#8221; custom_margin=&#8221;||||false|false&#8221; custom_padding=&#8221;||||false|false&#8221; hover_enabled=&#8221;0&#8243; border_radii_image_border=&#8221;on|50%|50%|50%|50%&#8221; global_colors_info=&#8221;{}&#8221; title=&#8221;Julie C.&#8221; order_enable=&#8221;on&#8221; content_order=&#8221;1&#8243; title_order=&#8221;3&#8243; sub_title_order=&#8221;2&#8243; title_font_size=&#8221;18px&#8221; title_margin=&#8221;25px||||false|false&#8221; sticky_enabled=&#8221;0&#8243; alt=&#8221;Julie&#8221; title_text=&#8221;temoignages-Julie&#8221;]<\/p>\n<p>\u201cPour notre famille, Dre Martine, chiropraticienne, a chang\u00e9 notre vie d\u2019une fa\u00e7on tr\u00e8s importante. Mon mari a la maladie du Parkinson. D\u00e8s son diagnostic, les soins, les ajustements et les conseils de Dre. Martine, chiropraticienne, nous ont aid\u00e9s \u00e0 naviguer les sympt\u00f4mes de la maladie. Il y a eu tant de moments o\u00f9 mon mari \u00e9tait dans une situation difficile avec ses tremblements et de la raideur. Apr\u00e8s chaque ajustement, il se sentait tellement mieux! Souvent, il est une autre personne apr\u00e8s son rendez-vous, c\u2019est-\u00e0-dire, moins de sympt\u00f4mes et plus d\u2019\u00e9nergie. Apr\u00e8s 20 ans, mon mari peut faire du kayak, du v\u00e9lo, du jardinage et de la natation. Il est fort et courageux, mais nous sommes convaincus \u00e0 100% qu\u2019on ne serait pas en train de vivre une si belle vie sans les soins r\u00e9guliers de Dre. Martine, chiropraticienne. Nous serons toujours si reconnaissants du r\u00f4le qu\u2019elle joue dans notre vie! Elle offre des soins extraordinaires.<\/p>\n<p>Pour notre famille, un rendez-vous une fois par mois chez Dre. Martine, chiropraticienne, apaise nos maux de dos ou de cou et rend notre syst\u00e8me immunitaire plus fort. Les enfants vont m\u00eame demander apr\u00e8s trois ou quatre semaines : \u00ab C\u2019est quand notre rendez-vous chez Dre Martine, chiropraticienne? \u00bb On a tous h\u00e2te, parce que \u00e7a fait tellement du bien!<\/p>\n<p>Je peux raconter tant d\u2019histoires des succ\u00e8s de Dre Martine, chiropraticienne. Dans les derniers vingt ans, j\u2019ai r\u00e9f\u00e9r\u00e9 tant d\u2019amis et de membres de ma famille chez elle. J\u2019ai une amie qui a pu \u00e9viter une chirurgie au dos, une autre qui a pu all\u00e9ger son mal d\u2019\u00e9paule chronique, une autre qui n\u2019a plus mal au dos. Dre Martine, chiropraticienne, est une personne qui a un bagage d\u2019exp\u00e9riences et d\u2019expertise qui est au-del\u00e0 de n\u2019importe quel autre professionnel de la sant\u00e9 que j\u2019ai fr\u00e9quent\u00e9. Lorsqu\u2019elle ne peut pas aider, elle fait les recherches n\u00e9cessaires pour mieux comprendre ou elle fait des recommandations hors pairs d\u2019une autre approche qui peut aussi aider. Son r\u00e9seau, son expertise et sa compr\u00e9hension du fonctionnement du corps sont vraiment uniques et exceptionnels.<\/p>\n<p>J\u2019ai commenc\u00e9 \u00e0 fr\u00e9quenter la clinique de Dre. Martine, chiropraticienne, lorsque mon fils avait des infections d\u2019oreilles chroniques. Je craignais les effets de tant d\u2019antibiotiques sur son petit corps. Apr\u00e8s quelques traitements chez la Maison Chiropratique Petits et grands, il a arr\u00eat\u00e9 compl\u00e8tement de faire des infections r\u00e9currentes aux oreilles.<\/p>\n<p>De plus, mon fils joue au volleyball. \u00c0 la fin de la saison, nous avons remarqu\u00e9 tant de joueurs qui ne pouvaient plus jouer en raison de blessures. Mon fils allait voir Dre Martine, chiropraticienne, d\u00e8s qu\u2019il sentait une certaine faiblesse ou un manque d\u2019alignement dans son corps. Avant un tournoi ou une grande comp\u00e9tition, une visite chez Dre. Martine, chiropraticienne, est une activit\u00e9 essentielle.\u201d<\/p>\n<p>[\/difl_advanced_blurb][\/et_pb_column][\/et_pb_row][et_pb_row _builder_version=&#8221;4.17.3&#8243; _module_preset=&#8221;default&#8221; hover_enabled=&#8221;0&#8243; global_colors_info=&#8221;{}&#8221; custom_padding=&#8221;80px||80px||true|false&#8221; sticky_enabled=&#8221;0&#8243;][et_pb_column type=&#8221;4_4&#8243; _builder_version=&#8221;4.17.3&#8243; _module_preset=&#8221;default&#8221; global_colors_info=&#8221;{}&#8221;][difl_advanced_blurb image=&#8221;https:\/\/maisonchiropratique.com\/wp-content\/uploads\/martine-150&#215;150.jpeg&#8221; image_icon_container_position=&#8221;outside&#8221; image_placement=&#8221;flex_right&#8221; image_icon_alignment=&#8221;center&#8221; image_icon_item_align=&#8221;flex-start&#8221; image_container_width=&#8221;25%&#8221; content_width=&#8221;100%&#8221; blurb_img_margin=&#8221;|||40px|false|false&#8221; blurb_img_spacing=&#8221;||||false|false&#8221; _builder_version=&#8221;4.17.3&#8243; _module_preset=&#8221;default&#8221; content_body_font=&#8221;Roboto|300|||||||&#8221; content_body_font_size=&#8221;20px&#8221; content_body_line_height=&#8221;1.5em&#8221; custom_margin=&#8221;||||false|false&#8221; custom_padding=&#8221;||||false|false&#8221; hover_enabled=&#8221;0&#8243; border_radii_image_border=&#8221;on|50%|50%|50%|50%&#8221; global_colors_info=&#8221;{}&#8221; title=&#8221;Marie H\u00e9l\u00e8ne L.&#8221; order_enable=&#8221;on&#8221; content_order=&#8221;1&#8243; title_order=&#8221;3&#8243; sub_title_order=&#8221;2&#8243; title_font_size=&#8221;18px&#8221; title_margin=&#8221;25px||||false|false&#8221; sticky_enabled=&#8221;0&#8243;]<\/p>\n<p>\u201cJ&#8217;ai d\u00e9couvert les services de la Maison chiropratique Petits et Grands alors que j&#8217;en \u00e9tais \u00e0 ma deuxi\u00e8me grossesse. J&#8217;avais des \u00e9lancements constants dans le bas du ventre et Dr Martine, chiropraticienne, m&#8217;avait \u00e9t\u00e9 recommand\u00e9e par ma sage-femme. Non seulement mes douleurs<br \/>ont disparu gr\u00e2ce aux soins et aux conseils de Martine, mais j&#8217;ai poursuivi mes visites avec mon nouveau-n\u00e9, puis mon fils a\u00een\u00e9, puis mon conjoint, puis nos jumeaux lorsqu&#8217;ils sont tous n\u00e9s. Nous visitons maintenant la Maison chiropratique Petits et Grands chaque mois, en famille. Martine nous aide \u00e0 nous d\u00e9barrasser de tous nos bobos, petits et grands. Des otites de notre a\u00een\u00e9 en passant par les maux de dos de mon conjoint, des douleurs de croissance \u00e0 ma m\u00e2choire qui claquait, il n&#8217;y a rien dont nous ne sommes venus \u00e0 bout gr\u00e2ce \u00e0 Martine! Elle nous aide m\u00eame parfois \u00e0 nous d\u00e9faire de probl\u00e8mes dont nous ignorions qu&#8217;elle pouvait nous aider! Par exemple, un jour en arrivant, je me suis plaint d&#8217;une migraine, eh bien quinze minutes apr\u00e8s mon ajustement la migraine avait compl\u00e8tement disparu! M\u00eame mes meilleurs m\u00e9dicaments ne font pas effet aussi rapidement! Je ne m&#8217;imaginais pas qu&#8217;un ajustement pouvait \u00eatre aussi<br \/>efficace!<\/p>\n<p>Martine n&#8217;est pas qu&#8217;une excellente chiropraticienne, c&#8217;est une humaine exceptionnelle et qui sait s&#8217;entourer d&#8217;une \u00e9quipe \u00e0 sa hauteur! \u00c0 la Maison chiropratique Petits et Grands, on est<br \/>toujours bien accueillis et on est toujours trait\u00e9s aux petits oignons. Nous avons crois\u00e9 bien des professionnels de la sant\u00e9 comp\u00e9tents et d\u00e9vou\u00e9s dans notre vie, mais nous n&#8217;avons jamais fr\u00e9quent\u00e9 un lieu et une \u00e9quipe qui aient un impact aussi positif sur notre sant\u00e9 et qui en plus soient aussi chaleureux, aussi bien int\u00e9gr\u00e9s dans leur communaut\u00e9 que la Maison chiropratique<br \/>Petits et Grands!<\/p>\n<p>Merci pour vos extraordinaires services! :)\u201d<\/p>\n<p>[\/difl_advanced_blurb][\/et_pb_column][\/et_pb_row][\/et_pb_section]<\/p>\n","protected":false},"excerpt":{"rendered":"<p>What people have to say<div class=\"et_pb_module difl_advanced_blurb difl_advanced_blurb_0\">\n\t\t\t\t\n\t\t\t\t\n\t\t\t\t\n\t\t\t\t\n\t\t\t\t\n\t\t\t\t\n\t\t\t\t<div class=\"et_pb_module_inner\">\n\t\t\t\t\t<div class=\"df_ab_blurb_container\"> <div class=\"df_ab_blurb_image image placement_image_flex_left\"><img decoding=\"async\" class=\"df_ab_blurb_image_img\" src=\"https:\/\/maisonchiropratique.com\/wp-content\/uploads\/temoignages-Julie-e1652445395672.jpg\" alt=\"\" \/><\/div><div class=\"df_ab_blurb_content_container\"> <h3  class=\"df_ab_blurb_title\">Julie C.<\/h3 >    <\/div><\/div>\n\t\t\t\t<\/div>\n\t\t\t<\/div>\u201cPour notre famille, Dre Martine, chiropraticienne, a chang\u00e9 notre vie d\u2019une fa\u00e7on tr\u00e8s importante. Mon mari a la maladie du Parkinson. [&hellip;]<\/p>\n","protected":false},"author":1,"featured_media":0,"parent":0,"menu_order":2,"comment_status":"closed","ping_status":"closed","template":"","meta":{"_et_pb_use_builder":"on","_et_pb_old_content":"","_et_gb_content_width":"","footnotes":""},"difl_page_category":[],"class_list":["post-366","page","type-page","status-publish","hentry"],"_links":{"self":[{"href":"https:\/\/maisonchiropratique.com\/en\/wp-json\/wp\/v2\/pages\/366","targetHints":{"allow":["GET"]}}],"collection":[{"href":"https:\/\/maisonchiropratique.com\/en\/wp-json\/wp\/v2\/pages"}],"about":[{"href":"https:\/\/maisonchiropratique.com\/en\/wp-json\/wp\/v2\/types\/page"}],"author":[{"embeddable":true,"href":"https:\/\/maisonchiropratique.com\/en\/wp-json\/wp\/v2\/users\/1"}],"replies":[{"embeddable":true,"href":"https:\/\/maisonchiropratique.com\/en\/wp-json\/wp\/v2\/comments?post=366"}],"version-history":[{"count":2,"href":"https:\/\/maisonchiropratique.com\/en\/wp-json\/wp\/v2\/pages\/366\/revisions"}],"predecessor-version":[{"id":368,"href":"https:\/\/maisonchiropratique.com\/en\/wp-json\/wp\/v2\/pages\/366\/revisions\/368"}],"wp:attachment":[{"href":"https:\/\/maisonchiropratique.com\/en\/wp-json\/wp\/v2\/media?parent=366"}],"wp:term":[{"taxonomy":"difl_page_category","embeddable":true,"href":"https:\/\/maisonchiropratique.com\/en\/wp-json\/wp\/v2\/difl_page_category?post=366"}],"curies":[{"name":"wp","href":"https:\/\/api.w.org\/{rel}","templated":true}]}}